{"id":4238,"date":"2025-12-23T11:08:29","date_gmt":"2025-12-23T14:08:29","guid":{"rendered":"https:\/\/www.deskmoveis.com.br\/site\/?page_id=4238"},"modified":"2025-12-23T14:48:35","modified_gmt":"2025-12-23T17:48:35","slug":"locacao-de-moveis","status":"publish","type":"page","link":"https:\/\/www.deskmoveis.com.br\/site\/locacao-de-moveis\/","title":{"rendered":"Loca\u00e7\u00e3o de M\u00f3veis"},"content":{"rendered":"\t\t<div data-elementor-type=\"wp-page\" data-elementor-id=\"4238\" class=\"elementor elementor-4238\" data-elementor-post-type=\"page\">\n\t\t\t\t\t\t<section class=\"elementor-section elementor-top-section elementor-element elementor-element-5d343e88 elementor-section-full_width elementor-section-height-default elementor-section-height-default\" data-id=\"5d343e88\" data-element_type=\"section\" data-e-type=\"section\">\n\t\t\t\t\t\t<div class=\"elementor-container elementor-column-gap-no\">\n\t\t\t\t\t<div class=\"elementor-column elementor-col-100 elementor-top-column elementor-element elementor-element-78c7acc4\" data-id=\"78c7acc4\" data-element_type=\"column\" data-e-type=\"column\">\n\t\t\t<div class=\"elementor-widget-wrap elementor-element-populated\">\n\t\t\t\t\t\t<div class=\"elementor-element elementor-element-11b2a3d elementor-widget__width-inherit elementor-widget-laptop__width-initial elementor-widget elementor-widget-image\" data-id=\"11b2a3d\" data-element_type=\"widget\" data-e-type=\"widget\" data-widget_type=\"image.default\">\n\t\t\t\t<div class=\"elementor-widget-container\">\n\t\t\t\t\t\t\t\t\t\t\t\t\t\t\t<img fetchpriority=\"high\" decoding=\"async\" width=\"2560\" height=\"960\" src=\"https:\/\/www.deskmoveis.com.br\/site\/wp-content\/uploads\/2025\/12\/egder-scaled.png\" class=\"attachment-full size-full wp-image-4247\" alt=\"\" srcset=\"https:\/\/www.deskmoveis.com.br\/site\/wp-content\/uploads\/2025\/12\/egder-scaled.png 2560w, https:\/\/www.deskmoveis.com.br\/site\/wp-content\/uploads\/2025\/12\/egder-300x113.png 300w, https:\/\/www.deskmoveis.com.br\/site\/wp-content\/uploads\/2025\/12\/egder-1024x384.png 1024w, https:\/\/www.deskmoveis.com.br\/site\/wp-content\/uploads\/2025\/12\/egder-768x288.png 768w, https:\/\/www.deskmoveis.com.br\/site\/wp-content\/uploads\/2025\/12\/egder-1536x576.png 1536w, https:\/\/www.deskmoveis.com.br\/site\/wp-content\/uploads\/2025\/12\/egder-2048x768.png 2048w, https:\/\/www.deskmoveis.com.br\/site\/wp-content\/uploads\/2025\/12\/egder-600x225.png 600w\" sizes=\"(max-width: 2560px) 100vw, 2560px\" \/>\t\t\t\t\t\t\t\t\t\t\t\t\t\t\t<\/div>\n\t\t\t\t<\/div>\n\t\t\t\t<div class=\"elementor-element elementor-element-9a3283d animated-slow elementor-invisible elementor-widget elementor-widget-image\" data-id=\"9a3283d\" data-element_type=\"widget\" data-e-type=\"widget\" data-settings=\"{&quot;_animation&quot;:&quot;fadeIn&quot;}\" data-widget_type=\"image.default\">\n\t\t\t\t<div class=\"elementor-widget-container\">\n\t\t\t\t\t\t\t\t\t\t\t\t\t\t\t<img decoding=\"async\" width=\"2560\" height=\"960\" src=\"https:\/\/www.deskmoveis.com.br\/site\/wp-content\/uploads\/2025\/12\/85-scaled.png\" class=\"attachment-full size-full wp-image-4266\" alt=\"\" srcset=\"https:\/\/www.deskmoveis.com.br\/site\/wp-content\/uploads\/2025\/12\/85-scaled.png 2560w, https:\/\/www.deskmoveis.com.br\/site\/wp-content\/uploads\/2025\/12\/85-300x113.png 300w, https:\/\/www.deskmoveis.com.br\/site\/wp-content\/uploads\/2025\/12\/85-1024x384.png 1024w, https:\/\/www.deskmoveis.com.br\/site\/wp-content\/uploads\/2025\/12\/85-768x288.png 768w, https:\/\/www.deskmoveis.com.br\/site\/wp-content\/uploads\/2025\/12\/85-1536x576.png 1536w, https:\/\/www.deskmoveis.com.br\/site\/wp-content\/uploads\/2025\/12\/85-2048x768.png 2048w, https:\/\/www.deskmoveis.com.br\/site\/wp-content\/uploads\/2025\/12\/85-600x225.png 600w\" sizes=\"(max-width: 2560px) 100vw, 2560px\" \/>\t\t\t\t\t\t\t\t\t\t\t\t\t\t\t<\/div>\n\t\t\t\t<\/div>\n\t\t\t\t<div class=\"elementor-element elementor-element-4fe10ff animated-slow elementor-invisible elementor-widget elementor-widget-image\" data-id=\"4fe10ff\" data-element_type=\"widget\" data-e-type=\"widget\" data-settings=\"{&quot;_animation&quot;:&quot;fadeInLeft&quot;}\" data-widget_type=\"image.default\">\n\t\t\t\t<div class=\"elementor-widget-container\">\n\t\t\t\t\t\t\t\t\t\t\t\t\t\t\t<img decoding=\"async\" width=\"2560\" height=\"960\" src=\"https:\/\/www.deskmoveis.com.br\/site\/wp-content\/uploads\/2025\/12\/86-scaled.png\" class=\"attachment-full size-full wp-image-4267\" alt=\"\" srcset=\"https:\/\/www.deskmoveis.com.br\/site\/wp-content\/uploads\/2025\/12\/86-scaled.png 2560w, https:\/\/www.deskmoveis.com.br\/site\/wp-content\/uploads\/2025\/12\/86-300x113.png 300w, https:\/\/www.deskmoveis.com.br\/site\/wp-content\/uploads\/2025\/12\/86-1024x384.png 1024w, https:\/\/www.deskmoveis.com.br\/site\/wp-content\/uploads\/2025\/12\/86-768x288.png 768w, https:\/\/www.deskmoveis.com.br\/site\/wp-content\/uploads\/2025\/12\/86-1536x576.png 1536w, https:\/\/www.deskmoveis.com.br\/site\/wp-content\/uploads\/2025\/12\/86-2048x768.png 2048w, https:\/\/www.deskmoveis.com.br\/site\/wp-content\/uploads\/2025\/12\/86-600x225.png 600w\" sizes=\"(max-width: 2560px) 100vw, 2560px\" \/>\t\t\t\t\t\t\t\t\t\t\t\t\t\t\t<\/div>\n\t\t\t\t<\/div>\n\t\t\t\t<div class=\"elementor-element elementor-element-40fd3d4 animated-slow elementor-invisible elementor-widget elementor-widget-image\" data-id=\"40fd3d4\" data-element_type=\"widget\" data-e-type=\"widget\" data-settings=\"{&quot;_animation&quot;:&quot;fadeInRight&quot;}\" data-widget_type=\"image.default\">\n\t\t\t\t<div class=\"elementor-widget-container\">\n\t\t\t\t\t\t\t\t\t\t\t\t\t\t\t<img loading=\"lazy\" decoding=\"async\" width=\"2560\" height=\"960\" src=\"https:\/\/www.deskmoveis.com.br\/site\/wp-content\/uploads\/2025\/12\/87-scaled.png\" class=\"attachment-full size-full wp-image-4268\" alt=\"\" srcset=\"https:\/\/www.deskmoveis.com.br\/site\/wp-content\/uploads\/2025\/12\/87-scaled.png 2560w, https:\/\/www.deskmoveis.com.br\/site\/wp-content\/uploads\/2025\/12\/87-300x113.png 300w, https:\/\/www.deskmoveis.com.br\/site\/wp-content\/uploads\/2025\/12\/87-1024x384.png 1024w, https:\/\/www.deskmoveis.com.br\/site\/wp-content\/uploads\/2025\/12\/87-768x288.png 768w, https:\/\/www.deskmoveis.com.br\/site\/wp-content\/uploads\/2025\/12\/87-1536x576.png 1536w, https:\/\/www.deskmoveis.com.br\/site\/wp-content\/uploads\/2025\/12\/87-2048x768.png 2048w, https:\/\/www.deskmoveis.com.br\/site\/wp-content\/uploads\/2025\/12\/87-600x225.png 600w\" sizes=\"(max-width: 2560px) 100vw, 2560px\" \/>\t\t\t\t\t\t\t\t\t\t\t\t\t\t\t<\/div>\n\t\t\t\t<\/div>\n\t\t\t\t<div class=\"elementor-element elementor-element-dd2da60 animated-slow elementor-invisible elementor-widget elementor-widget-image\" data-id=\"dd2da60\" data-element_type=\"widget\" data-e-type=\"widget\" data-settings=\"{&quot;_animation&quot;:&quot;slideInLeft&quot;}\" data-widget_type=\"image.default\">\n\t\t\t\t<div class=\"elementor-widget-container\">\n\t\t\t\t\t\t\t\t\t\t\t\t\t\t\t<img loading=\"lazy\" decoding=\"async\" width=\"2560\" height=\"960\" src=\"https:\/\/www.deskmoveis.com.br\/site\/wp-content\/uploads\/2025\/12\/88-scaled.png\" class=\"attachment-full size-full wp-image-4269\" alt=\"\" srcset=\"https:\/\/www.deskmoveis.com.br\/site\/wp-content\/uploads\/2025\/12\/88-scaled.png 2560w, https:\/\/www.deskmoveis.com.br\/site\/wp-content\/uploads\/2025\/12\/88-300x113.png 300w, https:\/\/www.deskmoveis.com.br\/site\/wp-content\/uploads\/2025\/12\/88-1024x384.png 1024w, https:\/\/www.deskmoveis.com.br\/site\/wp-content\/uploads\/2025\/12\/88-768x288.png 768w, https:\/\/www.deskmoveis.com.br\/site\/wp-content\/uploads\/2025\/12\/88-1536x576.png 1536w, https:\/\/www.deskmoveis.com.br\/site\/wp-content\/uploads\/2025\/12\/88-2048x768.png 2048w, https:\/\/www.deskmoveis.com.br\/site\/wp-content\/uploads\/2025\/12\/88-600x225.png 600w\" sizes=\"(max-width: 2560px) 100vw, 2560px\" \/>\t\t\t\t\t\t\t\t\t\t\t\t\t\t\t<\/div>\n\t\t\t\t<\/div>\n\t\t\t\t<div class=\"elementor-element elementor-element-76695d9 animated-slow elementor-invisible elementor-widget elementor-widget-image\" data-id=\"76695d9\" data-element_type=\"widget\" data-e-type=\"widget\" data-settings=\"{&quot;_animation&quot;:&quot;slideInRight&quot;}\" data-widget_type=\"image.default\">\n\t\t\t\t<div class=\"elementor-widget-container\">\n\t\t\t\t\t\t\t\t\t\t\t\t\t\t\t<img loading=\"lazy\" decoding=\"async\" width=\"2560\" height=\"960\" src=\"https:\/\/www.deskmoveis.com.br\/site\/wp-content\/uploads\/2025\/12\/89-scaled.png\" class=\"attachment-full size-full wp-image-4270\" alt=\"\" srcset=\"https:\/\/www.deskmoveis.com.br\/site\/wp-content\/uploads\/2025\/12\/89-scaled.png 2560w, https:\/\/www.deskmoveis.com.br\/site\/wp-content\/uploads\/2025\/12\/89-300x113.png 300w, https:\/\/www.deskmoveis.com.br\/site\/wp-content\/uploads\/2025\/12\/89-1024x384.png 1024w, https:\/\/www.deskmoveis.com.br\/site\/wp-content\/uploads\/2025\/12\/89-768x288.png 768w, https:\/\/www.deskmoveis.com.br\/site\/wp-content\/uploads\/2025\/12\/89-1536x576.png 1536w, https:\/\/www.deskmoveis.com.br\/site\/wp-content\/uploads\/2025\/12\/89-2048x768.png 2048w, https:\/\/www.deskmoveis.com.br\/site\/wp-content\/uploads\/2025\/12\/89-600x225.png 600w\" sizes=\"(max-width: 2560px) 100vw, 2560px\" \/>\t\t\t\t\t\t\t\t\t\t\t\t\t\t\t<\/div>\n\t\t\t\t<\/div>\n\t\t\t\t<div class=\"elementor-element elementor-element-f402721 animated-slow elementor-invisible elementor-widget elementor-widget-image\" data-id=\"f402721\" data-element_type=\"widget\" data-e-type=\"widget\" data-settings=\"{&quot;_animation&quot;:&quot;lightSpeedIn&quot;,&quot;_animation_mobile&quot;:&quot;lightSpeedIn&quot;}\" data-widget_type=\"image.default\">\n\t\t\t\t<div class=\"elementor-widget-container\">\n\t\t\t\t\t\t\t\t\t\t\t\t\t\t\t<img loading=\"lazy\" decoding=\"async\" width=\"2560\" height=\"960\" src=\"https:\/\/www.deskmoveis.com.br\/site\/wp-content\/uploads\/2025\/12\/9849546135-1-scaled.png\" class=\"attachment-full size-full wp-image-4312\" alt=\"\" srcset=\"https:\/\/www.deskmoveis.com.br\/site\/wp-content\/uploads\/2025\/12\/9849546135-1-scaled.png 2560w, https:\/\/www.deskmoveis.com.br\/site\/wp-content\/uploads\/2025\/12\/9849546135-1-300x113.png 300w, https:\/\/www.deskmoveis.com.br\/site\/wp-content\/uploads\/2025\/12\/9849546135-1-1024x384.png 1024w, https:\/\/www.deskmoveis.com.br\/site\/wp-content\/uploads\/2025\/12\/9849546135-1-768x288.png 768w, https:\/\/www.deskmoveis.com.br\/site\/wp-content\/uploads\/2025\/12\/9849546135-1-1536x576.png 1536w, https:\/\/www.deskmoveis.com.br\/site\/wp-content\/uploads\/2025\/12\/9849546135-1-2048x768.png 2048w, https:\/\/www.deskmoveis.com.br\/site\/wp-content\/uploads\/2025\/12\/9849546135-1-600x225.png 600w\" sizes=\"(max-width: 2560px) 100vw, 2560px\" \/>\t\t\t\t\t\t\t\t\t\t\t\t\t\t\t<\/div>\n\t\t\t\t<\/div>\n\t\t\t\t<div class=\"elementor-element elementor-element-39916c7 elementor-hidden-tablet elementor-hidden-mobile elementor-widget elementor-widget-spacer\" data-id=\"39916c7\" data-element_type=\"widget\" data-e-type=\"widget\" data-widget_type=\"spacer.default\">\n\t\t\t\t<div class=\"elementor-widget-container\">\n\t\t\t\t\t\t\t<div class=\"elementor-spacer\">\n\t\t\t<div class=\"elementor-spacer-inner\"><\/div>\n\t\t<\/div>\n\t\t\t\t\t\t<\/div>\n\t\t\t\t<\/div>\n\t\t\t\t<div class=\"elementor-element elementor-element-ebb92a9 elementor-widget__width-inherit elementor-widget-laptop__width-initial elementor-widget elementor-widget-image\" data-id=\"ebb92a9\" data-element_type=\"widget\" data-e-type=\"widget\" data-widget_type=\"image.default\">\n\t\t\t\t<div class=\"elementor-widget-container\">\n\t\t\t\t\t\t\t\t\t\t\t\t\t\t\t<img loading=\"lazy\" decoding=\"async\" width=\"2560\" height=\"960\" src=\"https:\/\/www.deskmoveis.com.br\/site\/wp-content\/uploads\/2025\/12\/hshdhd-scaled.png\" class=\"attachment-full size-full wp-image-4251\" alt=\"\" srcset=\"https:\/\/www.deskmoveis.com.br\/site\/wp-content\/uploads\/2025\/12\/hshdhd-scaled.png 2560w, https:\/\/www.deskmoveis.com.br\/site\/wp-content\/uploads\/2025\/12\/hshdhd-300x113.png 300w, https:\/\/www.deskmoveis.com.br\/site\/wp-content\/uploads\/2025\/12\/hshdhd-1024x384.png 1024w, https:\/\/www.deskmoveis.com.br\/site\/wp-content\/uploads\/2025\/12\/hshdhd-768x288.png 768w, https:\/\/www.deskmoveis.com.br\/site\/wp-content\/uploads\/2025\/12\/hshdhd-1536x576.png 1536w, https:\/\/www.deskmoveis.com.br\/site\/wp-content\/uploads\/2025\/12\/hshdhd-2048x768.png 2048w, https:\/\/www.deskmoveis.com.br\/site\/wp-content\/uploads\/2025\/12\/hshdhd-600x225.png 600w\" sizes=\"(max-width: 2560px) 100vw, 2560px\" \/>\t\t\t\t\t\t\t\t\t\t\t\t\t\t\t<\/div>\n\t\t\t\t<\/div>\n\t\t\t\t\t<\/div>\n\t\t<\/div>\n\t\t\t\t\t<\/div>\n\t\t<\/section>\n\t\t\t\t<\/div>\n\t\t","protected":false},"excerpt":{"rendered":"","protected":false},"author":7,"featured_media":0,"parent":0,"menu_order":0,"comment_status":"closed","ping_status":"open","template":"elementor_header_footer","meta":{"om_disable_all_campaigns":false,"footnotes":""},"class_list":["post-4238","page","type-page","status-publish","hentry"],"acf":[],"aioseo_notices":[],"_links":{"self":[{"href":"https:\/\/www.deskmoveis.com.br\/site\/wp-json\/wp\/v2\/pages\/4238","targetHints":{"allow":["GET"]}}],"collection":[{"href":"https:\/\/www.deskmoveis.com.br\/site\/wp-json\/wp\/v2\/pages"}],"about":[{"href":"https:\/\/www.deskmoveis.com.br\/site\/wp-json\/wp\/v2\/types\/page"}],"author":[{"embeddable":true,"href":"https:\/\/www.deskmoveis.com.br\/site\/wp-json\/wp\/v2\/users\/7"}],"replies":[{"embeddable":true,"href":"https:\/\/www.deskmoveis.com.br\/site\/wp-json\/wp\/v2\/comments?post=4238"}],"version-history":[{"count":21,"href":"https:\/\/www.deskmoveis.com.br\/site\/wp-json\/wp\/v2\/pages\/4238\/revisions"}],"predecessor-version":[{"id":4315,"href":"https:\/\/www.deskmoveis.com.br\/site\/wp-json\/wp\/v2\/pages\/4238\/revisions\/4315"}],"wp:attachment":[{"href":"https:\/\/www.deskmoveis.com.br\/site\/wp-json\/wp\/v2\/media?parent=4238"}],"curies":[{"name":"wp","href":"https:\/\/api.w.org\/{rel}","templated":true}]}}