{"id":2252,"date":"2022-11-30T15:27:25","date_gmt":"2022-11-30T18:27:25","guid":{"rendered":"http:\/\/192.168.0.39\/site?post_type=product&#038;p=2252"},"modified":"2023-03-14T15:11:12","modified_gmt":"2023-03-14T18:11:12","slug":"assento-esportivo-com-encosto","status":"publish","type":"product","link":"https:\/\/www.deskmoveis.com.br\/site\/produto\/assento-esportivo-com-encosto\/","title":{"rendered":"ASSENTO ESPORTIVO DESK CE"},"content":{"rendered":"<p><strong>ASSENTO DESPORTIVO COM ENCOSTO\u00a0<\/strong><\/p>\n<ul>\n<li>Assento Desportivo com encosto em ABS.<\/li>\n<li>Assento em v\u00e1rias\u00a0 cores<\/li>\n<li>Design leve e atual<\/li>\n<li>Para est\u00e1dio e gin\u00e1sios<\/li>\n<li>Seguran\u00e7a e qualidade<\/li>\n<\/ul>\n","protected":false},"excerpt":{"rendered":"<p>ASSENTO DESPORTIVO COM ENCOSTO\u00a0 Assento Desportivo com encosto em ABS. Assento em v\u00e1rias\u00a0 cores Design leve e atual Para est\u00e1dio e gin\u00e1sios Seguran\u00e7a e qualidade<\/p>\n","protected":false},"featured_media":2260,"template":"","meta":{"om_disable_all_campaigns":false},"product_brand":[],"product_cat":[54],"product_tag":[],"class_list":{"0":"post-2252","1":"product","2":"type-product","3":"status-publish","4":"has-post-thumbnail","6":"product_cat-assentos","8":"first","9":"instock","10":"shipping-taxable","11":"purchasable","12":"product-type-variable"},"acf":[],"aioseo_notices":[],"_links":{"self":[{"href":"https:\/\/www.deskmoveis.com.br\/site\/wp-json\/wp\/v2\/product\/2252","targetHints":{"allow":["GET"]}}],"collection":[{"href":"https:\/\/www.deskmoveis.com.br\/site\/wp-json\/wp\/v2\/product"}],"about":[{"href":"https:\/\/www.deskmoveis.com.br\/site\/wp-json\/wp\/v2\/types\/product"}],"version-history":[{"count":1,"href":"https:\/\/www.deskmoveis.com.br\/site\/wp-json\/wp\/v2\/product\/2252\/revisions"}],"predecessor-version":[{"id":2259,"href":"https:\/\/www.deskmoveis.com.br\/site\/wp-json\/wp\/v2\/product\/2252\/revisions\/2259"}],"wp:featuredmedia":[{"embeddable":true,"href":"https:\/\/www.deskmoveis.com.br\/site\/wp-json\/wp\/v2\/media\/2260"}],"wp:attachment":[{"href":"https:\/\/www.deskmoveis.com.br\/site\/wp-json\/wp\/v2\/media?parent=2252"}],"wp:term":[{"taxonomy":"product_brand","embeddable":true,"href":"https:\/\/www.deskmoveis.com.br\/site\/wp-json\/wp\/v2\/product_brand?post=2252"},{"taxonomy":"product_cat","embeddable":true,"href":"https:\/\/www.deskmoveis.com.br\/site\/wp-json\/wp\/v2\/product_cat?post=2252"},{"taxonomy":"product_tag","embeddable":true,"href":"https:\/\/www.deskmoveis.com.br\/site\/wp-json\/wp\/v2\/product_tag?post=2252"}],"curies":[{"name":"wp","href":"https:\/\/api.w.org\/{rel}","templated":true}]}}