{"id":2307,"date":"2022-12-01T14:59:07","date_gmt":"2022-12-01T17:59:07","guid":{"rendered":"http:\/\/192.168.0.39\/site?post_type=product&#038;p=2307"},"modified":"2023-03-14T15:24:05","modified_gmt":"2023-03-14T18:24:05","slug":"caixa-para-hidrometro","status":"publish","type":"product","link":"https:\/\/www.deskmoveis.com.br\/site\/produto\/caixa-para-hidrometro\/","title":{"rendered":"CAIXA PARA HIDR\u00d4METRO"},"content":{"rendered":"<p><strong>Caixa para hidr\u00f4metro<\/strong><\/p>\n<p>Nossa caixa para hidr\u00f4metro, serve para prote\u00e7\u00e3o do registro de \u00e1gua.<\/p>\n<p>Al\u00e9m de muito resistente e segura.<\/p>\n<p>&nbsp;<\/p>\n","protected":false},"excerpt":{"rendered":"<p>Caixa para hidr\u00f4metro Nossa caixa para hidr\u00f4metro, serve para prote\u00e7\u00e3o do registro de \u00e1gua. Al\u00e9m de muito resistente e segura. &nbsp;<\/p>\n","protected":false},"featured_media":2362,"template":"","meta":{"om_disable_all_campaigns":false,"_monsterinsights_skip_tracking":false,"_monsterinsights_sitenote_active":false,"_monsterinsights_sitenote_note":"","_monsterinsights_sitenote_category":0},"product_brand":[],"product_cat":[35],"product_tag":[],"class_list":{"0":"post-2307","1":"product","2":"type-product","3":"status-publish","4":"has-post-thumbnail","6":"product_cat-caixas","8":"first","9":"instock","10":"shipping-taxable","11":"purchasable","12":"product-type-variable"},"acf":[],"aioseo_notices":[],"_links":{"self":[{"href":"https:\/\/www.deskmoveis.com.br\/site\/wp-json\/wp\/v2\/product\/2307","targetHints":{"allow":["GET"]}}],"collection":[{"href":"https:\/\/www.deskmoveis.com.br\/site\/wp-json\/wp\/v2\/product"}],"about":[{"href":"https:\/\/www.deskmoveis.com.br\/site\/wp-json\/wp\/v2\/types\/product"}],"version-history":[{"count":1,"href":"https:\/\/www.deskmoveis.com.br\/site\/wp-json\/wp\/v2\/product\/2307\/revisions"}],"predecessor-version":[{"id":2517,"href":"https:\/\/www.deskmoveis.com.br\/site\/wp-json\/wp\/v2\/product\/2307\/revisions\/2517"}],"wp:featuredmedia":[{"embeddable":true,"href":"https:\/\/www.deskmoveis.com.br\/site\/wp-json\/wp\/v2\/media\/2362"}],"wp:attachment":[{"href":"https:\/\/www.deskmoveis.com.br\/site\/wp-json\/wp\/v2\/media?parent=2307"}],"wp:term":[{"taxonomy":"product_brand","embeddable":true,"href":"https:\/\/www.deskmoveis.com.br\/site\/wp-json\/wp\/v2\/product_brand?post=2307"},{"taxonomy":"product_cat","embeddable":true,"href":"https:\/\/www.deskmoveis.com.br\/site\/wp-json\/wp\/v2\/product_cat?post=2307"},{"taxonomy":"product_tag","embeddable":true,"href":"https:\/\/www.deskmoveis.com.br\/site\/wp-json\/wp\/v2\/product_tag?post=2307"}],"curies":[{"name":"wp","href":"https:\/\/api.w.org\/{rel}","templated":true}]}}