{"id":2397,"date":"2022-12-02T11:13:52","date_gmt":"2022-12-02T14:13:52","guid":{"rendered":"http:\/\/192.168.0.39\/site?post_type=product&#038;p=2397"},"modified":"2023-08-18T10:55:56","modified_gmt":"2023-08-18T13:55:56","slug":"lousas","status":"publish","type":"product","link":"https:\/\/www.deskmoveis.com.br\/site\/produto\/lousas\/","title":{"rendered":"LOUSAS"},"content":{"rendered":"<p><strong>\u00a0 Lousas<\/strong><\/p>\n<p>Na sua sala de aula<strong> n\u00e3o pode faltar<\/strong> um produto de qualidade;<\/p>\n<p>Nossas Lousas tem<strong> alta durabilidade<\/strong>,\u00a0 s\u00e3o <strong>f\u00e1ceis de apagar;<\/strong><\/p>\n<p>N\u00e3o deixam<strong> manchas<\/strong>, utilizando a caneta correta;<\/p>\n<p>Temos os quadros na cores <strong>verde e branco;<\/strong><\/p>\n<p>Deem aulas com<strong> mais<\/strong> qualidade com <strong>nossas lousas;<\/strong><\/p>\n<ul>\n<li>Durabilidade<\/li>\n<li>Facilidade<\/li>\n<li>2 cores<\/li>\n<\/ul>\n","protected":false},"excerpt":{"rendered":"<p>\u00a0 Lousas Na sua sala de aula n\u00e3o pode faltar um produto de qualidade; Nossas Lousas tem alta durabilidade,\u00a0 s\u00e3o f\u00e1ceis de apagar; N\u00e3o deixam manchas, utilizando a caneta correta; Temos os quadros na cores verde e branco; Deem aulas com mais qualidade com nossas lousas; Durabilidade Facilidade 2 cores<\/p>\n","protected":false},"featured_media":2399,"template":"","meta":{"om_disable_all_campaigns":false,"_monsterinsights_skip_tracking":false,"_monsterinsights_sitenote_active":false,"_monsterinsights_sitenote_note":"","_monsterinsights_sitenote_category":0},"product_brand":[],"product_cat":[55],"product_tag":[],"class_list":{"0":"post-2397","1":"product","2":"type-product","3":"status-publish","4":"has-post-thumbnail","6":"product_cat-lousas","8":"first","9":"instock","10":"shipping-taxable","11":"purchasable","12":"product-type-variable"},"acf":[],"aioseo_notices":[],"_links":{"self":[{"href":"https:\/\/www.deskmoveis.com.br\/site\/wp-json\/wp\/v2\/product\/2397","targetHints":{"allow":["GET"]}}],"collection":[{"href":"https:\/\/www.deskmoveis.com.br\/site\/wp-json\/wp\/v2\/product"}],"about":[{"href":"https:\/\/www.deskmoveis.com.br\/site\/wp-json\/wp\/v2\/types\/product"}],"version-history":[{"count":1,"href":"https:\/\/www.deskmoveis.com.br\/site\/wp-json\/wp\/v2\/product\/2397\/revisions"}],"predecessor-version":[{"id":2804,"href":"https:\/\/www.deskmoveis.com.br\/site\/wp-json\/wp\/v2\/product\/2397\/revisions\/2804"}],"wp:featuredmedia":[{"embeddable":true,"href":"https:\/\/www.deskmoveis.com.br\/site\/wp-json\/wp\/v2\/media\/2399"}],"wp:attachment":[{"href":"https:\/\/www.deskmoveis.com.br\/site\/wp-json\/wp\/v2\/media?parent=2397"}],"wp:term":[{"taxonomy":"product_brand","embeddable":true,"href":"https:\/\/www.deskmoveis.com.br\/site\/wp-json\/wp\/v2\/product_brand?post=2397"},{"taxonomy":"product_cat","embeddable":true,"href":"https:\/\/www.deskmoveis.com.br\/site\/wp-json\/wp\/v2\/product_cat?post=2397"},{"taxonomy":"product_tag","embeddable":true,"href":"https:\/\/www.deskmoveis.com.br\/site\/wp-json\/wp\/v2\/product_tag?post=2397"}],"curies":[{"name":"wp","href":"https:\/\/api.w.org\/{rel}","templated":true}]}}