{"id":2416,"date":"2022-12-02T11:32:43","date_gmt":"2022-12-02T14:32:43","guid":{"rendered":"http:\/\/192.168.0.39\/site?post_type=product&#038;p=2416"},"modified":"2026-01-23T11:14:41","modified_gmt":"2026-01-23T14:14:41","slug":"longarinas","status":"publish","type":"product","link":"https:\/\/www.deskmoveis.com.br\/site\/produto\/longarinas\/","title":{"rendered":"LONGARINAS"},"content":{"rendered":"<p><strong>Longarinas\u00a0<\/strong><\/p>\n<p>Nossas longarinas foram pensadas para compor seu<strong> ambiente.<\/strong><\/p>\n<p>Com cores intercaladas ou padronizadas, eles v\u00eam com um acabamento <strong>excepcional<\/strong><\/p>\n<p>Temos <strong>op\u00e7\u00f5es<\/strong> com pranchetas e sem pranchetas.<\/p>\n<p>Com at\u00e9 4 lugares, nossas longarinas <strong>decoram seu ambiente<\/strong>, al\u00e9m de deixar seus usu\u00e1rios <strong>mais confort\u00e1veis.\u00a0<\/strong><\/p>\n<p>Com ergonomia para <strong>ajustar<\/strong> a sua coluna ao encosto, evitando qualquer <strong>desconforto.<\/strong><\/p>\n<ul>\n<li>V\u00e1rias cores<\/li>\n<li>Ergonomia<\/li>\n<li>Decorativa<\/li>\n<li>1 a 4 lugares<\/li>\n<\/ul>\n","protected":false},"excerpt":{"rendered":"<p>Longarinas\u00a0 Nossas longarinas foram pensadas para compor seu ambiente. Com cores intercaladas ou padronizadas, eles v\u00eam com um acabamento excepcional Temos op\u00e7\u00f5es com pranchetas e sem pranchetas. Com at\u00e9 4 lugares, nossas longarinas decoram seu ambiente, al\u00e9m de deixar seus usu\u00e1rios mais confort\u00e1veis.\u00a0 Com ergonomia para ajustar a sua coluna ao encosto, evitando qualquer desconforto. [&hellip;]<\/p>\n","protected":false},"featured_media":4391,"template":"","meta":{"om_disable_all_campaigns":false,"_monsterinsights_skip_tracking":false,"_monsterinsights_sitenote_active":false,"_monsterinsights_sitenote_note":"","_monsterinsights_sitenote_category":0},"product_brand":[],"product_cat":[29],"product_tag":[],"class_list":{"0":"post-2416","1":"product","2":"type-product","3":"status-publish","4":"has-post-thumbnail","6":"product_cat-longarinas","8":"first","9":"instock","10":"shipping-taxable","11":"purchasable","12":"product-type-variable"},"acf":[],"aioseo_notices":[],"_links":{"self":[{"href":"https:\/\/www.deskmoveis.com.br\/site\/wp-json\/wp\/v2\/product\/2416","targetHints":{"allow":["GET"]}}],"collection":[{"href":"https:\/\/www.deskmoveis.com.br\/site\/wp-json\/wp\/v2\/product"}],"about":[{"href":"https:\/\/www.deskmoveis.com.br\/site\/wp-json\/wp\/v2\/types\/product"}],"version-history":[{"count":2,"href":"https:\/\/www.deskmoveis.com.br\/site\/wp-json\/wp\/v2\/product\/2416\/revisions"}],"predecessor-version":[{"id":4392,"href":"https:\/\/www.deskmoveis.com.br\/site\/wp-json\/wp\/v2\/product\/2416\/revisions\/4392"}],"wp:featuredmedia":[{"embeddable":true,"href":"https:\/\/www.deskmoveis.com.br\/site\/wp-json\/wp\/v2\/media\/4391"}],"wp:attachment":[{"href":"https:\/\/www.deskmoveis.com.br\/site\/wp-json\/wp\/v2\/media?parent=2416"}],"wp:term":[{"taxonomy":"product_brand","embeddable":true,"href":"https:\/\/www.deskmoveis.com.br\/site\/wp-json\/wp\/v2\/product_brand?post=2416"},{"taxonomy":"product_cat","embeddable":true,"href":"https:\/\/www.deskmoveis.com.br\/site\/wp-json\/wp\/v2\/product_cat?post=2416"},{"taxonomy":"product_tag","embeddable":true,"href":"https:\/\/www.deskmoveis.com.br\/site\/wp-json\/wp\/v2\/product_tag?post=2416"}],"curies":[{"name":"wp","href":"https:\/\/api.w.org\/{rel}","templated":true}]}}