{"id":2608,"date":"2023-03-03T15:29:04","date_gmt":"2023-03-03T18:29:04","guid":{"rendered":"http:\/\/192.168.0.39\/site\/?post_type=product&#038;p=2608"},"modified":"2026-02-24T16:09:26","modified_gmt":"2026-02-24T19:09:26","slug":"poltrona-universitaria","status":"publish","type":"product","link":"https:\/\/www.deskmoveis.com.br\/site\/produto\/poltrona-universitaria\/","title":{"rendered":"POLTRONA UNIVERSIT\u00c1RIA"},"content":{"rendered":"<p><strong>Poltrona Universit\u00e1ria<\/strong><\/p>\n<p>Nossa poltrona universit\u00e1ria traz um design sem igual, nossa miss\u00e3o \u00e9 otimizar o tempo do aluno, trazendo uma prancheta mais <strong>larga<\/strong>, para uma melhor escrita e descanso dos bra\u00e7os.<\/p>\n<p>Composta por <strong>Porta l\u00e1pis,\u00a0<\/strong>o aluno tem praticidade na hora de posicionar seu material.<\/p>\n<p>Nosso <strong>Porta livros <\/strong>d\u00e1 total acessibilidade e praticidade para o aluno guardar e pegar seu material a qualquer momento com seguran\u00e7a. Com <strong>furos pequenos\u00a0<\/strong>ao lado para evitar qualquer<strong> degrada\u00e7\u00e3o do material.<\/strong><\/p>\n<p>O nosso <strong>encosto\u00a0<\/strong>foi criado para uma melhor postura do aluno, durante as horas de aula, a proposta \u00e9 <strong>trazer conforto e bem-estar\u00a0<\/strong>em sala.<\/p>\n<p>Nossos p\u00e9s possuem sapatas de <strong>pl\u00e1sticos<\/strong> possibilitando uma <strong>estabilidade<\/strong> maior da <strong>poltrona, <\/strong>e\u00a0evitando contato direto com o ch\u00e3o para n\u00e3o degradar o piso.<\/p>\n<p>Al\u00e9m de <strong>v\u00e1rias cores,\u00a0<\/strong>nossa poltrona tem versatilidade de prancheta para os dois lados.<\/p>\n<p><strong>Lado esquerdo e lado direito, s\u00f3 escolher na hora da compra!<\/strong><\/p>\n<ul>\n<li>Porta L\u00e1pis<\/li>\n<li>Porta Livros<\/li>\n<\/ul>\n<p>&nbsp;<\/p>\n<p>&nbsp;<\/p>\n","protected":false},"excerpt":{"rendered":"<p>Poltrona Universit\u00e1ria Nossa poltrona universit\u00e1ria traz um design sem igual, nossa miss\u00e3o \u00e9 otimizar o tempo do aluno, trazendo uma prancheta mais larga, para uma melhor escrita e descanso dos bra\u00e7os. Composta por Porta l\u00e1pis,\u00a0o aluno tem praticidade na hora de posicionar seu material. Nosso Porta livros d\u00e1 total acessibilidade e praticidade para o aluno [&hellip;]<\/p>\n","protected":false},"featured_media":4406,"template":"","meta":{"om_disable_all_campaigns":false,"_monsterinsights_skip_tracking":false,"_monsterinsights_sitenote_active":false,"_monsterinsights_sitenote_note":"","_monsterinsights_sitenote_category":0},"product_brand":[],"product_cat":[54,26],"product_tag":[],"class_list":{"0":"post-2608","1":"product","2":"type-product","3":"status-publish","4":"has-post-thumbnail","6":"product_cat-assentos","7":"product_cat-escolares","9":"first","10":"instock","11":"shipping-taxable","12":"purchasable","13":"product-type-variable"},"acf":[],"aioseo_notices":[],"_links":{"self":[{"href":"https:\/\/www.deskmoveis.com.br\/site\/wp-json\/wp\/v2\/product\/2608","targetHints":{"allow":["GET"]}}],"collection":[{"href":"https:\/\/www.deskmoveis.com.br\/site\/wp-json\/wp\/v2\/product"}],"about":[{"href":"https:\/\/www.deskmoveis.com.br\/site\/wp-json\/wp\/v2\/types\/product"}],"version-history":[{"count":3,"href":"https:\/\/www.deskmoveis.com.br\/site\/wp-json\/wp\/v2\/product\/2608\/revisions"}],"predecessor-version":[{"id":4443,"href":"https:\/\/www.deskmoveis.com.br\/site\/wp-json\/wp\/v2\/product\/2608\/revisions\/4443"}],"wp:featuredmedia":[{"embeddable":true,"href":"https:\/\/www.deskmoveis.com.br\/site\/wp-json\/wp\/v2\/media\/4406"}],"wp:attachment":[{"href":"https:\/\/www.deskmoveis.com.br\/site\/wp-json\/wp\/v2\/media?parent=2608"}],"wp:term":[{"taxonomy":"product_brand","embeddable":true,"href":"https:\/\/www.deskmoveis.com.br\/site\/wp-json\/wp\/v2\/product_brand?post=2608"},{"taxonomy":"product_cat","embeddable":true,"href":"https:\/\/www.deskmoveis.com.br\/site\/wp-json\/wp\/v2\/product_cat?post=2608"},{"taxonomy":"product_tag","embeddable":true,"href":"https:\/\/www.deskmoveis.com.br\/site\/wp-json\/wp\/v2\/product_tag?post=2608"}],"curies":[{"name":"wp","href":"https:\/\/api.w.org\/{rel}","templated":true}]}}