{"id":2753,"date":"2022-12-02T11:25:09","date_gmt":"2022-12-02T14:25:09","guid":{"rendered":"http:\/\/192.168.0.39\/site\/?post_type=product&#038;p=2753"},"modified":"2026-01-23T11:21:08","modified_gmt":"2026-01-23T14:21:08","slug":"linha-restaurante","status":"publish","type":"product","link":"https:\/\/www.deskmoveis.com.br\/site\/produto\/linha-restaurante\/","title":{"rendered":"LINHA RESTAURANTE"},"content":{"rendered":"<p><strong>Linha restaurante\u00a0<\/strong><\/p>\n<p>J\u00e1 imaginou seu ambiente <strong>personalizado<\/strong> com nossa linha <strong>restaurante&#8230;<\/strong><\/p>\n<p>Al\u00e9m de <strong>linda<\/strong>, vem com <strong>4 cadeiras<\/strong> super confort\u00e1veis,<\/p>\n<p>Com v\u00e1rias op\u00e7\u00f5es de <strong>cores no tampo<\/strong>, e o <strong>design<\/strong> \u00fanico que s\u00f3 n\u00f3s temos.<\/p>\n<p>Seu ambiente <strong>n\u00e3o ser\u00e1 mais o mesmo<\/strong> depois da nossa linha restaurante.<\/p>\n<ul>\n<li>Mesa<\/li>\n<li>4 cadeiras<\/li>\n<li>V\u00e1rias cores<\/li>\n<li>Design de ponta<\/li>\n<li>Confort\u00e1veis<\/li>\n<\/ul>\n<p>&nbsp;<\/p>\n<p>&nbsp;<\/p>\n","protected":false},"excerpt":{"rendered":"<p>Linha restaurante\u00a0 J\u00e1 imaginou seu ambiente personalizado com nossa linha restaurante&#8230; Al\u00e9m de linda, vem com 4 cadeiras super confort\u00e1veis, Com v\u00e1rias op\u00e7\u00f5es de cores no tampo, e o design \u00fanico que s\u00f3 n\u00f3s temos. Seu ambiente n\u00e3o ser\u00e1 mais o mesmo depois da nossa linha restaurante. Mesa 4 cadeiras V\u00e1rias cores Design de ponta [&hellip;]<\/p>\n","protected":false},"featured_media":4396,"template":"","meta":{"om_disable_all_campaigns":false,"_monsterinsights_skip_tracking":false,"_monsterinsights_sitenote_active":false,"_monsterinsights_sitenote_note":"","_monsterinsights_sitenote_category":0},"product_brand":[],"product_cat":[28],"product_tag":[],"class_list":{"0":"post-2753","1":"product","2":"type-product","3":"status-publish","4":"has-post-thumbnail","6":"product_cat-restaurante","8":"first","9":"instock","10":"shipping-taxable","11":"purchasable","12":"product-type-variable"},"acf":[],"aioseo_notices":[],"_links":{"self":[{"href":"https:\/\/www.deskmoveis.com.br\/site\/wp-json\/wp\/v2\/product\/2753","targetHints":{"allow":["GET"]}}],"collection":[{"href":"https:\/\/www.deskmoveis.com.br\/site\/wp-json\/wp\/v2\/product"}],"about":[{"href":"https:\/\/www.deskmoveis.com.br\/site\/wp-json\/wp\/v2\/types\/product"}],"version-history":[{"count":2,"href":"https:\/\/www.deskmoveis.com.br\/site\/wp-json\/wp\/v2\/product\/2753\/revisions"}],"predecessor-version":[{"id":4397,"href":"https:\/\/www.deskmoveis.com.br\/site\/wp-json\/wp\/v2\/product\/2753\/revisions\/4397"}],"wp:featuredmedia":[{"embeddable":true,"href":"https:\/\/www.deskmoveis.com.br\/site\/wp-json\/wp\/v2\/media\/4396"}],"wp:attachment":[{"href":"https:\/\/www.deskmoveis.com.br\/site\/wp-json\/wp\/v2\/media?parent=2753"}],"wp:term":[{"taxonomy":"product_brand","embeddable":true,"href":"https:\/\/www.deskmoveis.com.br\/site\/wp-json\/wp\/v2\/product_brand?post=2753"},{"taxonomy":"product_cat","embeddable":true,"href":"https:\/\/www.deskmoveis.com.br\/site\/wp-json\/wp\/v2\/product_cat?post=2753"},{"taxonomy":"product_tag","embeddable":true,"href":"https:\/\/www.deskmoveis.com.br\/site\/wp-json\/wp\/v2\/product_tag?post=2753"}],"curies":[{"name":"wp","href":"https:\/\/api.w.org\/{rel}","templated":true}]}}