{"id":4342,"date":"2026-01-23T09:14:08","date_gmt":"2026-01-23T12:14:08","guid":{"rendered":"https:\/\/www.deskmoveis.com.br\/site\/?post_type=product&#038;p=4342"},"modified":"2026-01-23T09:22:04","modified_gmt":"2026-01-23T12:22:04","slug":"conjunto-aluno-empilhavel","status":"publish","type":"product","link":"https:\/\/www.deskmoveis.com.br\/site\/produto\/conjunto-aluno-empilhavel\/","title":{"rendered":"CONJUNTO ALUNO EMPILH\u00c1VEL"},"content":{"rendered":"<p><strong>Conjunto Aluno Empilh\u00e1vel<\/strong><\/p>\n<p>Nosso conjunto aluno traz um novo visual para sala de aula, garantindo <strong>conforto<\/strong> e <strong>flexibilidade\u00a0<\/strong>para o aluno;<\/p>\n<p>Vem com <strong>Porta copos, <\/strong>uma op\u00e7\u00e3o para utilizar copos ou garrafas;<\/p>\n<p>Conta tamb\u00e9m com <strong>Porta livros, <\/strong>para trazer facilidade ao guardar seu material na hora da aula;<\/p>\n<p>Com v\u00e1rias <strong>op\u00e7\u00f5es de cores<\/strong>, que combina com seu ambiente;<\/p>\n<p>A cadeira \u00e9 <strong>ergonomicamente correta<\/strong>, para a postura corporal do aluno;<\/p>\n<p>Com a poltrona <strong>empilh\u00e1vel <\/strong>e<strong> Mesa <\/strong>100%<strong> Empilh\u00e1vel <\/strong>proporcionando uma vasta economia de espa\u00e7o;<\/p>\n<p>Nesse conjunto trazemos uma combina\u00e7\u00e3o de cor e praticidade para sua escola.<\/p>\n<p>&nbsp;<\/p>\n<ul>\n<li>Porta copos<\/li>\n<li>Porta livros<\/li>\n<li>Porta L\u00e1pis<\/li>\n<li>100% Empilh\u00e1vel<\/li>\n<\/ul>\n<p>&nbsp;<\/p>\n","protected":false},"excerpt":{"rendered":"<p>Conjunto Aluno Empilh\u00e1vel Nosso conjunto aluno traz um novo visual para sala de aula, garantindo conforto e flexibilidade\u00a0para o aluno; Vem com Porta copos, uma op\u00e7\u00e3o para utilizar copos ou garrafas; Conta tamb\u00e9m com Porta livros, para trazer facilidade ao guardar seu material na hora da aula; Com v\u00e1rias op\u00e7\u00f5es de cores, que combina com [&hellip;]<\/p>\n","protected":false},"featured_media":4349,"template":"","meta":{"om_disable_all_campaigns":false},"product_brand":[],"product_cat":[56,26],"product_tag":[],"class_list":{"0":"post-4342","1":"product","2":"type-product","3":"status-publish","4":"has-post-thumbnail","6":"product_cat-conjuntos","7":"product_cat-escolares","9":"first","10":"instock","11":"shipping-taxable","12":"purchasable","13":"product-type-variable"},"acf":[],"aioseo_notices":[],"_links":{"self":[{"href":"https:\/\/www.deskmoveis.com.br\/site\/wp-json\/wp\/v2\/product\/4342","targetHints":{"allow":["GET"]}}],"collection":[{"href":"https:\/\/www.deskmoveis.com.br\/site\/wp-json\/wp\/v2\/product"}],"about":[{"href":"https:\/\/www.deskmoveis.com.br\/site\/wp-json\/wp\/v2\/types\/product"}],"version-history":[{"count":1,"href":"https:\/\/www.deskmoveis.com.br\/site\/wp-json\/wp\/v2\/product\/4342\/revisions"}],"predecessor-version":[{"id":4350,"href":"https:\/\/www.deskmoveis.com.br\/site\/wp-json\/wp\/v2\/product\/4342\/revisions\/4350"}],"wp:featuredmedia":[{"embeddable":true,"href":"https:\/\/www.deskmoveis.com.br\/site\/wp-json\/wp\/v2\/media\/4349"}],"wp:attachment":[{"href":"https:\/\/www.deskmoveis.com.br\/site\/wp-json\/wp\/v2\/media?parent=4342"}],"wp:term":[{"taxonomy":"product_brand","embeddable":true,"href":"https:\/\/www.deskmoveis.com.br\/site\/wp-json\/wp\/v2\/product_brand?post=4342"},{"taxonomy":"product_cat","embeddable":true,"href":"https:\/\/www.deskmoveis.com.br\/site\/wp-json\/wp\/v2\/product_cat?post=4342"},{"taxonomy":"product_tag","embeddable":true,"href":"https:\/\/www.deskmoveis.com.br\/site\/wp-json\/wp\/v2\/product_tag?post=4342"}],"curies":[{"name":"wp","href":"https:\/\/api.w.org\/{rel}","templated":true}]}}