{"id":4360,"date":"2026-01-23T09:50:42","date_gmt":"2026-01-23T12:50:42","guid":{"rendered":"https:\/\/www.deskmoveis.com.br\/site\/?post_type=product&#038;p=4360"},"modified":"2026-01-23T09:55:33","modified_gmt":"2026-01-23T12:55:33","slug":"universitaria-desmontavel","status":"publish","type":"product","link":"https:\/\/www.deskmoveis.com.br\/site\/produto\/universitaria-desmontavel\/","title":{"rendered":"UNIVERSIT\u00c1RIA DESMONT\u00c1VEL"},"content":{"rendered":"<p><strong>Poltrona Universit\u00e1ria<\/strong><\/p>\n<p>Nossa poltrona universit\u00e1ria traz um design sem igual, nossa miss\u00e3o \u00e9 otimizar o tempo do aluno, trazendo uma prancheta mais\u00a0<strong>larga<\/strong>, para uma melhor escrita e descanso dos bra\u00e7os.<\/p>\n<p>Composta por\u00a0<strong>Porta l\u00e1pis,\u00a0<\/strong>o aluno tem praticidade na hora de posicionar seu material.<\/p>\n<p>Nosso\u00a0<strong>Porta livros\u00a0<\/strong>d\u00e1 total acessibilidade e praticidade para o aluno guardar e pegar seu material a qualquer momento com seguran\u00e7a. Com\u00a0<strong>furos pequenos\u00a0<\/strong>ao lado para evitar qualquer<strong>\u00a0degrada\u00e7\u00e3o do material.<\/strong><\/p>\n<p>O nosso\u00a0<strong>encosto\u00a0<\/strong>foi criado para uma melhor postura do aluno, durante as horas de aula, a proposta \u00e9\u00a0<strong>trazer conforto e bem-estar\u00a0<\/strong>em sala.<\/p>\n<p>E com a facilidade para desmontar criando espa\u00e7os e melhorando a possibilidade de transporta-lo.<\/p>\n<p>Nossa cadeira foi pensada para deixar sua sala mais\u00a0<strong>organizada,<\/strong>\u00a0proporcionando todo conforto para os alunos.<\/p>\n<p><strong>Lado esquerdo e lado direito, s\u00f3 escolher na hora da compra!<\/strong><\/p>\n<ul>\n<li>Porta L\u00e1pis<\/li>\n<li>Porta Livros<\/li>\n<li>Desmont\u00e1vel<\/li>\n<\/ul>\n<p>&nbsp;<\/p>\n","protected":false},"excerpt":{"rendered":"<p>Poltrona Universit\u00e1ria Nossa poltrona universit\u00e1ria traz um design sem igual, nossa miss\u00e3o \u00e9 otimizar o tempo do aluno, trazendo uma prancheta mais\u00a0larga, para uma melhor escrita e descanso dos bra\u00e7os. Composta por\u00a0Porta l\u00e1pis,\u00a0o aluno tem praticidade na hora de posicionar seu material. Nosso\u00a0Porta livros\u00a0d\u00e1 total acessibilidade e praticidade para o aluno guardar e pegar seu [&hellip;]<\/p>\n","protected":false},"featured_media":4367,"template":"","meta":{"om_disable_all_campaigns":false},"product_brand":[],"product_cat":[56,26],"product_tag":[],"class_list":{"0":"post-4360","1":"product","2":"type-product","3":"status-publish","4":"has-post-thumbnail","6":"product_cat-conjuntos","7":"product_cat-escolares","9":"first","10":"instock","11":"shipping-taxable","12":"purchasable","13":"product-type-variable"},"acf":[],"aioseo_notices":[],"_links":{"self":[{"href":"https:\/\/www.deskmoveis.com.br\/site\/wp-json\/wp\/v2\/product\/4360","targetHints":{"allow":["GET"]}}],"collection":[{"href":"https:\/\/www.deskmoveis.com.br\/site\/wp-json\/wp\/v2\/product"}],"about":[{"href":"https:\/\/www.deskmoveis.com.br\/site\/wp-json\/wp\/v2\/types\/product"}],"version-history":[{"count":1,"href":"https:\/\/www.deskmoveis.com.br\/site\/wp-json\/wp\/v2\/product\/4360\/revisions"}],"predecessor-version":[{"id":4368,"href":"https:\/\/www.deskmoveis.com.br\/site\/wp-json\/wp\/v2\/product\/4360\/revisions\/4368"}],"wp:featuredmedia":[{"embeddable":true,"href":"https:\/\/www.deskmoveis.com.br\/site\/wp-json\/wp\/v2\/media\/4367"}],"wp:attachment":[{"href":"https:\/\/www.deskmoveis.com.br\/site\/wp-json\/wp\/v2\/media?parent=4360"}],"wp:term":[{"taxonomy":"product_brand","embeddable":true,"href":"https:\/\/www.deskmoveis.com.br\/site\/wp-json\/wp\/v2\/product_brand?post=4360"},{"taxonomy":"product_cat","embeddable":true,"href":"https:\/\/www.deskmoveis.com.br\/site\/wp-json\/wp\/v2\/product_cat?post=4360"},{"taxonomy":"product_tag","embeddable":true,"href":"https:\/\/www.deskmoveis.com.br\/site\/wp-json\/wp\/v2\/product_tag?post=4360"}],"curies":[{"name":"wp","href":"https:\/\/api.w.org\/{rel}","templated":true}]}}